{"id":127,"date":"2023-07-05T23:47:27","date_gmt":"2023-07-05T21:47:27","guid":{"rendered":"https:\/\/phony-ceremony.de\/?page_id=127"},"modified":"2023-08-19T13:54:57","modified_gmt":"2023-08-19T11:54:57","slug":"kontakt","status":"publish","type":"page","link":"https:\/\/phony-ceremony.de\/?page_id=127","title":{"rendered":"Kontakt"},"content":{"rendered":"\n<p class=\"has-background-color has-text-color\">Du hast Fragen, m\u00f6chtest unsere Plattform nutzen oder m\u00f6chtest einfach mitmachen? Dann melde dich einfach bei uns. <\/p>\n\n\n\n<div class=\"wp-block-jetpack-contact-form is-style-animated has-vivid-cyan-blue-color has-vivid-cyan-blue-background-color has-text-color has-background has-link-color wp-elements-d34304c963b53e2e31246692aba49101\" style=\"padding-top:14px;padding-right:14px;padding-bottom:14px;padding-left:14px\">\n\n\n\n\n\n<\/div>\n\n\n\n<p>oder direkt \u00fcber Social Media \ud83d\ude42<\/p>\n","protected":false},"excerpt":{"rendered":"<p>Du hast Fragen, m\u00f6chtest unsere Plattform nutzen oder m\u00f6chtest einfach mitmachen? Dann melde dich einfach bei uns. oder direkt \u00fcber Social Media \ud83d\ude42<\/p>\n","protected":false},"author":1,"featured_media":0,"parent":0,"menu_order":0,"comment_status":"closed","ping_status":"closed","template":"","meta":{"footnotes":""},"class_list":["post-127","page","type-page","status-publish","hentry"],"_links":{"self":[{"href":"https:\/\/phony-ceremony.de\/index.php?rest_route=\/wp\/v2\/pages\/127","targetHints":{"allow":["GET"]}}],"collection":[{"href":"https:\/\/phony-ceremony.de\/index.php?rest_route=\/wp\/v2\/pages"}],"about":[{"href":"https:\/\/phony-ceremony.de\/index.php?rest_route=\/wp\/v2\/types\/page"}],"author":[{"embeddable":true,"href":"https:\/\/phony-ceremony.de\/index.php?rest_route=\/wp\/v2\/users\/1"}],"replies":[{"embeddable":true,"href":"https:\/\/phony-ceremony.de\/index.php?rest_route=%2Fwp%2Fv2%2Fcomments&post=127"}],"version-history":[{"count":8,"href":"https:\/\/phony-ceremony.de\/index.php?rest_route=\/wp\/v2\/pages\/127\/revisions"}],"predecessor-version":[{"id":296,"href":"https:\/\/phony-ceremony.de\/index.php?rest_route=\/wp\/v2\/pages\/127\/revisions\/296"}],"wp:attachment":[{"href":"https:\/\/phony-ceremony.de\/index.php?rest_route=%2Fwp%2Fv2%2Fmedia&parent=127"}],"curies":[{"name":"wp","href":"https:\/\/api.w.org\/{rel}","templated":true}]}}