{"id":120,"date":"2023-07-05T23:44:24","date_gmt":"2023-07-05T21:44:24","guid":{"rendered":"https:\/\/phony-ceremony.de\/?page_id=120"},"modified":"2024-03-29T18:46:40","modified_gmt":"2024-03-29T17:46:40","slug":"freestyle-cypher","status":"publish","type":"page","link":"https:\/\/phony-ceremony.de\/?page_id=120","title":{"rendered":"freestyle Trainigssession"},"content":{"rendered":"\n<p>Wo sind all die anderen Rapper hin? Wer baut die besten Beats? Wer diggt die besten Platten? Die Antworten findest du hier!<\/p>\n\n\n\n<p style=\"font-size:1.3rem\"><strong><mark style=\"background-color:rgba(0, 0, 0, 0);color:#9b51e0\" class=\"has-inline-color\">N\u00e4chste Cypher: 03. Mai 2024 I 20 Uhr I Mascha I Weimar <\/mark><\/strong><\/p>\n\n\n\n<p>Die Freestyle Cypher bietet dir einen einzigartigen Raum, um deine Skills am Mikrofon zu sch\u00e4rfen, Texte sicher zu pr\u00e4sentieren und in situativen Improvisationen zu gl\u00e4nzen &#8211; all das, was die Rap-Subkultur so essenziell ausmacht. Egal, ob du ein Meister der Ceremony bist oder noch ganz am Anfang stehst, ob du Freestyler oder Lyrikschreiber bist, bei uns hast du die Chance, dich an den offenen Mics auszuprobieren. Aber nicht nur f\u00fcr MCs, sondern auch f\u00fcr Beatproducer und Beatboxer ist die Freestyle Cypher der perfekte Ort, um ihre Kl\u00e4nge zum Leben zu erwecken und die MCs rhythmisch zu begleiten. <\/p>\n\n\n\n<p>Bist du bereit, deine Rap-F\u00e4higkeiten auf das n\u00e4chste Level zu heben? Dann komm vorbei zur Freestyle Cypher &#8211; dem Trainingslager f\u00fcr MCs. Hier wirst du Teil einer lebendigen HipHop-Community, kn\u00fcpfst Kontakte zu anderen SzenevertreterInnen und wirst Teil einer Bewegung, die die Jenaer Kulturlandschaft bereichert. Genie\u00dfe die Kopfnickermusik der Session, w\u00e4hrend du bei einem k\u00fchlen Getr\u00e4nk mit Gleichgesinnten zusammenkommst und dich von der Energie der Freestyle Cypher mitrei\u00dfen l\u00e4sst. <\/p>\n\n\n\n<p style=\"font-size:1.3rem\"><mark style=\"background-color:rgba(0, 0, 0, 0);color:#9b51e0\" class=\"has-inline-color\"><strong>Wo? Mascha, Weimar<\/strong><\/mark><\/p>\n\n\n<p>[wpgmza id=&#8220;1&#8243;]<\/p>\n","protected":false},"excerpt":{"rendered":"<p>Wo sind all die anderen Rapper hin? Wer baut die besten Beats? Wer diggt die besten Platten? Die Antworten findest du hier! N\u00e4chste Cypher: 03. Mai 2024 I 20 Uhr I Mascha I Weimar Die Freestyle Cypher bietet dir einen einzigartigen Raum, um deine Skills am Mikrofon zu sch\u00e4rfen, Texte sicher zu pr\u00e4sentieren und in [&hellip;]<\/p>\n","protected":false},"author":1,"featured_media":0,"parent":0,"menu_order":0,"comment_status":"closed","ping_status":"closed","template":"","meta":{"footnotes":""},"class_list":["post-120","page","type-page","status-publish","hentry"],"_links":{"self":[{"href":"https:\/\/phony-ceremony.de\/index.php?rest_route=\/wp\/v2\/pages\/120","targetHints":{"allow":["GET"]}}],"collection":[{"href":"https:\/\/phony-ceremony.de\/index.php?rest_route=\/wp\/v2\/pages"}],"about":[{"href":"https:\/\/phony-ceremony.de\/index.php?rest_route=\/wp\/v2\/types\/page"}],"author":[{"embeddable":true,"href":"https:\/\/phony-ceremony.de\/index.php?rest_route=\/wp\/v2\/users\/1"}],"replies":[{"embeddable":true,"href":"https:\/\/phony-ceremony.de\/index.php?rest_route=%2Fwp%2Fv2%2Fcomments&post=120"}],"version-history":[{"count":14,"href":"https:\/\/phony-ceremony.de\/index.php?rest_route=\/wp\/v2\/pages\/120\/revisions"}],"predecessor-version":[{"id":465,"href":"https:\/\/phony-ceremony.de\/index.php?rest_route=\/wp\/v2\/pages\/120\/revisions\/465"}],"wp:attachment":[{"href":"https:\/\/phony-ceremony.de\/index.php?rest_route=%2Fwp%2Fv2%2Fmedia&parent=120"}],"curies":[{"name":"wp","href":"https:\/\/api.w.org\/{rel}","templated":true}]}}