{"id":116,"date":"2023-07-05T23:43:23","date_gmt":"2023-07-05T21:43:23","guid":{"rendered":"https:\/\/phony-ceremony.de\/?page_id=116"},"modified":"2024-03-29T18:45:11","modified_gmt":"2024-03-29T17:45:11","slug":"konzerte","status":"publish","type":"page","link":"https:\/\/phony-ceremony.de\/?page_id=116","title":{"rendered":"Konzertstream"},"content":{"rendered":"\n<p>Wir bringen talentierte RapperInnen zu dir nach Hause. Genie\u00dfe die Musik, entdecke neue Talente und erlebe die Live-Atmosph\u00e4re unserer B\u00fchnen direkt auf euren Bildschirmen. <\/p>\n\n\n\n<h4 class=\"wp-block-heading has-foreground-background-color has-background\">NEXT: Sarah &amp; Cedeno<\/h4>\n\n\n\n<h4 class=\"wp-block-heading has-foreground-background-color has-background\">TrueLu<\/h4>\n\n\n\n<figure class=\"wp-block-embed is-type-video is-provider-youtube wp-block-embed-youtube wp-embed-aspect-16-9 wp-has-aspect-ratio\"><div class=\"wp-block-embed__wrapper\">\n<iframe loading=\"lazy\" title=\"Stages on Screens  w\/ TrueLu\" width=\"500\" height=\"281\" src=\"https:\/\/www.youtube.com\/embed\/AyHyCjRHsqM?start=248&#038;feature=oembed\" frameborder=\"0\" allow=\"accelerometer; autoplay; clipboard-write; encrypted-media; gyroscope; picture-in-picture; web-share\" referrerpolicy=\"strict-origin-when-cross-origin\" allowfullscreen><\/iframe>\n<\/div><\/figure>\n\n\n\n<h4 class=\"wp-block-heading has-foreground-background-color has-background\">TOBI WAN GREENOBI<\/h4>\n\n\n\n<figure class=\"wp-block-embed is-type-video is-provider-youtube wp-block-embed-youtube wp-embed-aspect-16-9 wp-has-aspect-ratio\"><div class=\"wp-block-embed__wrapper\">\n<iframe loading=\"lazy\" title=\"Stages on Screens w\/ Tobi Wan Greenobi &amp; DJ Aei Kei One\" width=\"500\" height=\"281\" src=\"https:\/\/www.youtube.com\/embed\/UQHMILrzKpM?feature=oembed\" frameborder=\"0\" allow=\"accelerometer; autoplay; clipboard-write; encrypted-media; gyroscope; picture-in-picture; web-share\" referrerpolicy=\"strict-origin-when-cross-origin\" allowfullscreen><\/iframe>\n<\/div><\/figure>\n\n\n\n<h4 class=\"wp-block-heading has-foreground-background-color has-background\">Zweipunkteins<\/h4>\n\n\n\n<figure class=\"wp-block-embed is-type-video is-provider-youtube wp-block-embed-youtube wp-embed-aspect-16-9 wp-has-aspect-ratio\"><div class=\"wp-block-embed__wrapper\">\n<iframe loading=\"lazy\" title=\"Stages on Screens w\/ Zweipunkteins &amp; DJ Malimo\" width=\"500\" height=\"281\" src=\"https:\/\/www.youtube.com\/embed\/DQvr8JyTzlg?feature=oembed\" frameborder=\"0\" allow=\"accelerometer; autoplay; clipboard-write; encrypted-media; gyroscope; picture-in-picture; web-share\" referrerpolicy=\"strict-origin-when-cross-origin\" allowfullscreen><\/iframe>\n<\/div><\/figure>\n\n\n\n<h4 class=\"wp-block-heading has-foreground-background-color has-background\">YOUS 39<\/h4>\n\n\n\n<figure class=\"wp-block-embed is-type-video is-provider-youtube wp-block-embed-youtube wp-embed-aspect-16-9 wp-has-aspect-ratio\"><div class=\"wp-block-embed__wrapper\">\n<iframe loading=\"lazy\" title=\"Stages on Screens w\/ Yous 39\" width=\"500\" height=\"281\" src=\"https:\/\/www.youtube.com\/embed\/udE5rOAqvN8?feature=oembed\" frameborder=\"0\" allow=\"accelerometer; autoplay; clipboard-write; encrypted-media; gyroscope; picture-in-picture; web-share\" referrerpolicy=\"strict-origin-when-cross-origin\" allowfullscreen><\/iframe>\n<\/div><\/figure>\n\n\n\n<h4 class=\"wp-block-heading has-foreground-background-color has-background\">HEMME<\/h4>\n\n\n\n<figure class=\"wp-block-embed is-type-video is-provider-youtube wp-block-embed-youtube wp-embed-aspect-16-9 wp-has-aspect-ratio\"><div class=\"wp-block-embed__wrapper\">\n<iframe loading=\"lazy\" title=\"Stages on Screens w\/Hemme\" width=\"500\" height=\"281\" src=\"https:\/\/www.youtube.com\/embed\/GiMvjwONJy0?feature=oembed\" frameborder=\"0\" allow=\"accelerometer; autoplay; clipboard-write; encrypted-media; gyroscope; picture-in-picture; web-share\" referrerpolicy=\"strict-origin-when-cross-origin\" allowfullscreen><\/iframe>\n<\/div><\/figure>\n\n\n\n<h4 class=\"wp-block-heading has-foreground-background-color has-background\">Magma<\/h4>\n\n\n\n<figure class=\"wp-block-embed is-type-video is-provider-youtube wp-block-embed-youtube wp-embed-aspect-16-9 wp-has-aspect-ratio\"><div class=\"wp-block-embed__wrapper\">\n<iframe loading=\"lazy\" title=\"Stages on Screens w\/Magma\" width=\"500\" height=\"281\" src=\"https:\/\/www.youtube.com\/embed\/346-9KvRbGU?feature=oembed\" frameborder=\"0\" allow=\"accelerometer; autoplay; clipboard-write; encrypted-media; gyroscope; picture-in-picture; web-share\" referrerpolicy=\"strict-origin-when-cross-origin\" allowfullscreen><\/iframe>\n<\/div><\/figure>\n\n\n\n<h4 class=\"wp-block-heading has-foreground-background-color has-background\">HazeL<\/h4>\n\n\n\n<figure class=\"wp-block-embed is-type-video is-provider-youtube wp-block-embed-youtube wp-embed-aspect-16-9 wp-has-aspect-ratio\"><div class=\"wp-block-embed__wrapper\">\n<iframe loading=\"lazy\" title=\"Stages on Screens w\/HazeL\" width=\"500\" height=\"281\" src=\"https:\/\/www.youtube.com\/embed\/_r9ibpTQ5qQ?feature=oembed\" frameborder=\"0\" allow=\"accelerometer; autoplay; clipboard-write; encrypted-media; gyroscope; picture-in-picture; web-share\" referrerpolicy=\"strict-origin-when-cross-origin\" allowfullscreen><\/iframe>\n<\/div><\/figure>\n\n\n\n<h4 class=\"wp-block-heading has-foreground-background-color has-background\">Agape<\/h4>\n\n\n\n<figure class=\"wp-block-embed is-type-video is-provider-youtube wp-block-embed-youtube wp-embed-aspect-16-9 wp-has-aspect-ratio\"><div class=\"wp-block-embed__wrapper\">\n<iframe loading=\"lazy\" title=\"Stages on Screens w\/Agape\" width=\"500\" height=\"281\" src=\"https:\/\/www.youtube.com\/embed\/C2-3hSvdYdQ?feature=oembed\" frameborder=\"0\" allow=\"accelerometer; autoplay; clipboard-write; encrypted-media; gyroscope; picture-in-picture; web-share\" referrerpolicy=\"strict-origin-when-cross-origin\" allowfullscreen><\/iframe>\n<\/div><\/figure>\n\n\n\n<h4 class=\"wp-block-heading has-foreground-background-color has-background\">LAtifa Iguma<\/h4>\n\n\n\n<figure class=\"wp-block-embed is-type-video is-provider-youtube wp-block-embed-youtube wp-embed-aspect-16-9 wp-has-aspect-ratio\"><div class=\"wp-block-embed__wrapper\">\n<iframe loading=\"lazy\" title=\"Stages on Screens w\/Latifa Iguma\" width=\"500\" height=\"281\" src=\"https:\/\/www.youtube.com\/embed\/2yR7-tq4FD8?feature=oembed\" frameborder=\"0\" allow=\"accelerometer; autoplay; clipboard-write; encrypted-media; gyroscope; picture-in-picture; web-share\" referrerpolicy=\"strict-origin-when-cross-origin\" allowfullscreen><\/iframe>\n<\/div><\/figure>\n\n\n\n<h4 class=\"wp-block-heading has-foreground-background-color has-background\">Prigg<\/h4>\n\n\n\n<figure class=\"wp-block-embed is-type-video is-provider-youtube wp-block-embed-youtube wp-embed-aspect-16-9 wp-has-aspect-ratio\"><div class=\"wp-block-embed__wrapper\">\n<iframe loading=\"lazy\" title=\"Stages on Screens w\/ Prigg\" width=\"500\" height=\"281\" src=\"https:\/\/www.youtube.com\/embed\/tLh_AO5rjco?feature=oembed\" frameborder=\"0\" allow=\"accelerometer; autoplay; clipboard-write; encrypted-media; gyroscope; picture-in-picture; web-share\" referrerpolicy=\"strict-origin-when-cross-origin\" allowfullscreen><\/iframe>\n<\/div><\/figure>\n\n\n\n<h4 class=\"wp-block-heading has-foreground-background-color has-background\">Maik a.d.Q.<\/h4>\n\n\n\n<figure class=\"wp-block-embed is-type-video is-provider-youtube wp-block-embed-youtube wp-embed-aspect-16-9 wp-has-aspect-ratio\"><div class=\"wp-block-embed__wrapper\">\n<iframe loading=\"lazy\" title=\"Stages on Screens w\/Maik a.d.Q.\" width=\"500\" height=\"281\" src=\"https:\/\/www.youtube.com\/embed\/Xq0M6JP4W_k?feature=oembed\" frameborder=\"0\" allow=\"accelerometer; autoplay; clipboard-write; encrypted-media; gyroscope; picture-in-picture; web-share\" referrerpolicy=\"strict-origin-when-cross-origin\" allowfullscreen><\/iframe>\n<\/div><\/figure>\n\n\n\n<h4 class=\"wp-block-heading has-vivid-purple-color has-foreground-background-color has-text-color has-background\">Flowenz Rhymke<\/h4>\n\n\n\n<figure class=\"wp-block-embed is-type-video is-provider-youtube wp-block-embed-youtube wp-embed-aspect-16-9 wp-has-aspect-ratio\"><div class=\"wp-block-embed__wrapper\">\n<iframe loading=\"lazy\" title=\"Stages on Screens w\/Flowenz Rhymke\" width=\"500\" height=\"281\" src=\"https:\/\/www.youtube.com\/embed\/EQ_7f0hsHMw?feature=oembed\" frameborder=\"0\" allow=\"accelerometer; autoplay; clipboard-write; encrypted-media; gyroscope; picture-in-picture; web-share\" referrerpolicy=\"strict-origin-when-cross-origin\" allowfullscreen><\/iframe>\n<\/div><\/figure>\n\n\n\n<p><\/p>\n","protected":false},"excerpt":{"rendered":"<p>Wir bringen talentierte RapperInnen zu dir nach Hause. Genie\u00dfe die Musik, entdecke neue Talente und erlebe die Live-Atmosph\u00e4re unserer B\u00fchnen direkt auf euren Bildschirmen. NEXT: Sarah &amp; Cedeno TrueLu TOBI WAN GREENOBI Zweipunkteins YOUS 39 HEMME Magma HazeL Agape LAtifa Iguma Prigg Maik a.d.Q. Flowenz Rhymke<\/p>\n","protected":false},"author":1,"featured_media":0,"parent":0,"menu_order":0,"comment_status":"closed","ping_status":"closed","template":"","meta":{"footnotes":""},"class_list":["post-116","page","type-page","status-publish","hentry"],"_links":{"self":[{"href":"https:\/\/phony-ceremony.de\/index.php?rest_route=\/wp\/v2\/pages\/116","targetHints":{"allow":["GET"]}}],"collection":[{"href":"https:\/\/phony-ceremony.de\/index.php?rest_route=\/wp\/v2\/pages"}],"about":[{"href":"https:\/\/phony-ceremony.de\/index.php?rest_route=\/wp\/v2\/types\/page"}],"author":[{"embeddable":true,"href":"https:\/\/phony-ceremony.de\/index.php?rest_route=\/wp\/v2\/users\/1"}],"replies":[{"embeddable":true,"href":"https:\/\/phony-ceremony.de\/index.php?rest_route=%2Fwp%2Fv2%2Fcomments&post=116"}],"version-history":[{"count":16,"href":"https:\/\/phony-ceremony.de\/index.php?rest_route=\/wp\/v2\/pages\/116\/revisions"}],"predecessor-version":[{"id":463,"href":"https:\/\/phony-ceremony.de\/index.php?rest_route=\/wp\/v2\/pages\/116\/revisions\/463"}],"wp:attachment":[{"href":"https:\/\/phony-ceremony.de\/index.php?rest_route=%2Fwp%2Fv2%2Fmedia&parent=116"}],"curies":[{"name":"wp","href":"https:\/\/api.w.org\/{rel}","templated":true}]}}